{"id":13,"date":"2017-03-25T12:29:18","date_gmt":"2017-03-25T12:29:18","guid":{"rendered":"http:\/\/serwer1346845.home.pl\/autoinstalator\/wordpress1\/?page_id=13"},"modified":"2026-04-22T12:16:13","modified_gmt":"2026-04-22T12:16:13","slug":"start","status":"publish","type":"page","link":"https:\/\/villamarina.eu\/","title":{"rendered":"Start"},"content":{"rendered":"<div id=\"pl-13\"  class=\"panel-layout\" ><div id=\"pg-13-0\"  class=\"panel-grid panel-has-style\" ><div class=\"siteorigin-panels-stretch panel-row-style-full-width panel-row-style panel-row-style-for-13-0\" data-stretch-type=\"full\" ><div id=\"pgc-13-0-0\"  class=\"panel-grid-cell\" ><div id=\"panel-13-0-0-0\" class=\"so-panel widget widget_sow-video panel-first-child panel-last-child\" data-index=\"0\" ><div\n\t\t\t\n\t\t\tclass=\"so-widget-sow-video so-widget-sow-video-base\"\n\t\t\t\n\t\t>\n<div class=\"sow-video-wrapper\">\n\t\t\t<video\n\t\t\t\t\t\t\tid=\"sow-player-1\" \t\t\t\t\t\t\tclass=\"sow-video-widget\" \t\t\t\t\t\t\tpreload=\"auto\" \t\t\t\t\t\t\tstyle=\"width:100%;height:100%;\" \t\t\t\t\t\t\tautoplay=\"1\" \t\t\t\t\t\t\tplaysinline=\"\" \t\t\t\t\t\t\tloop=\"true\" \t\t\t\t\t\t\t\t>\n\t\t\t\t\t\t\t<source type=\"\" src=\"http:\/\/serwer1346845.home.pl\/autoinstalator\/wordpress1\/wp-content\/uploads\/video\/video1.mp4?autoplay=1&#038;mute=1\"\/>\n\t\t\t\t\t<\/video>\n\t<\/div>\n<\/div><\/div><\/div><\/div><\/div><div id=\"pg-13-1\"  class=\"panel-grid panel-no-style\" ><div id=\"pgc-13-1-0\"  class=\"panel-grid-cell\" ><div id=\"panel-13-1-0-0\" class=\"so-panel widget widget_sow-editor panel-first-child panel-last-child\" data-index=\"1\" ><div\n\t\t\t\n\t\t\tclass=\"so-widget-sow-editor so-widget-sow-editor-base\"\n\t\t\t\n\t\t>\n<div class=\"siteorigin-widget-tinymce textwidget\">\n\t\n<\/div>\n<\/div><\/div><\/div><\/div><div id=\"pg-13-2\"  class=\"panel-grid panel-no-style\" ><div id=\"pgc-13-2-0\"  class=\"panel-grid-cell\" ><div id=\"panel-13-2-0-0\" class=\"so-panel widget widget_sow-editor panel-first-child panel-last-child\" data-index=\"2\" ><div\n\t\t\t\n\t\t\tclass=\"so-widget-sow-editor so-widget-sow-editor-base\"\n\t\t\t\n\t\t>\n<div class=\"siteorigin-widget-tinymce textwidget\">\n\t<h3><\/h3>\n<h3><\/h3>\n<h3><\/h3>\n<h3><\/h3>\n<h3 style=\"text-align: center;\"><img decoding=\"async\" loading=\"lazy\" class=\"alignnone wp-image-482 size-full\" src=\"http:\/\/serwer1346845.home.pl\/autoinstalator\/wordpress1\/wp-content\/uploads\/2017\/03\/divbig.png\" alt=\"\" width=\"470\" height=\"22\" srcset=\"https:\/\/serwer1346845.home.pl\/autoinstalator\/wordpress1\/wp-content\/uploads\/2017\/03\/divbig.png 470w, https:\/\/serwer1346845.home.pl\/autoinstalator\/wordpress1\/wp-content\/uploads\/2017\/03\/divbig-300x14.png 300w, https:\/\/serwer1346845.home.pl\/autoinstalator\/wordpress1\/wp-content\/uploads\/2017\/03\/divbig-450x22.png 450w, https:\/\/serwer1346845.home.pl\/autoinstalator\/wordpress1\/wp-content\/uploads\/2017\/03\/divbig-24x1.png 24w, https:\/\/serwer1346845.home.pl\/autoinstalator\/wordpress1\/wp-content\/uploads\/2017\/03\/divbig-36x2.png 36w, https:\/\/serwer1346845.home.pl\/autoinstalator\/wordpress1\/wp-content\/uploads\/2017\/03\/divbig-48x2.png 48w\" sizes=\"(max-width: 470px) 100vw, 470px\" \/><\/h3>\n<h3 style=\"text-align: center;\"><strong><span style=\"color: #26170f;\">Przywitajcie swoj\u0105 mi\u0142o\u015b\u0107 w wyj\u0105tkowym miejscu na tle niezwyk\u0142ego widoku jeziora.<\/span><\/strong><\/h3>\n<h5 style=\"text-align: center;\"><span style=\"color: #26170f;\">Zapraszamy do ekskluzywnej Sali Bankietowej Villa Marina.<\/span><\/h5>\n<h5 style=\"text-align: center;\"><span style=\"color: #26170f;\">Villa Marina po\u0142o\u017cona nad samym brzegiem malowniczego zbiornika Pogoria I, w otoczeniu zielonego lasu, oferuje wyj\u0105tkowe po\u0142\u0105czenie spokoju, natury i elegancji. Lokalizacja z dala od miejskiego zgie\u0142ku tworzy idealne warunki do organizacji niezapomnianych przyj\u0119\u0107.\u00a0<\/span><\/h5>\n<h5 style=\"text-align: center;\"><span style=\"color: #26170f;\">Do Pa\u0144stwa dyspozycji oddajemy w pe\u0142ni klimatyzowan\u0105 sal\u0119 przystosowan\u0105 na przyj\u0119cie do 120 os\u00f3b.<\/span><\/h5>\n<h5 style=\"text-align: center;\"><span style=\"color: #26170f;\">Eleganckie wn\u0119trze, panoramiczny widok na jezioro, wy\u015bmienita kuchnia oraz profesjonalna obs\u0142uga zapewni\u0105 Pa\u0144stwu i Pa\u0144stwa Go\u015bciom wspania\u0142\u0105 i niezapomnian\u0105 atmosfer\u0119 ka\u017cdego przyj\u0119cia okoliczno\u015bciowego.<\/span><\/h5>\n<h5 style=\"text-align: center;\"><span style=\"color: #26170f;\">Wszystkie dania z naszego Menu przygotowywane s\u0105 na miejscu, przez zesp\u00f3\u0142 najlepszych kucharzy, kt\u00f3rzy z ogromn\u0105 staranno\u015bci\u0105 dbaj\u0105 o gusta naszych Go\u015bci.<\/span><\/h5>\n<h5 style=\"text-align: center;\"><span style=\"color: #26170f;\">Dodatkowo du\u017cy ogr\u00f3d, prywatne molo sprawiaj\u0105, \u017ce Villa Marina jest idealnym miejscem na zorganizowanie wspania\u0142ej imprezy.<\/span><\/h5>\n<h5 style=\"text-align: center;\"><span style=\"color: #26170f;\">\u00a0Serdecznie zapraszamy do zapoznania si\u0119 z nasz\u0105 ofert\u0105 i do\u0142\u0105czenia do grona zadowolonych Go\u015bci, kt\u00f3rzy swoje wyj\u0105tkowe chwile \u015bwi\u0119towali w Villa Marina. .<\/span><\/h5>\n<h5 style=\"text-align: center;\"><\/h5>\n<p style=\"text-align: center;\"><img decoding=\"async\" loading=\"lazy\" class=\"alignnone wp-image-482 size-full\" src=\"http:\/\/serwer1346845.home.pl\/autoinstalator\/wordpress1\/wp-content\/uploads\/2017\/03\/divbig.png\" alt=\"\" width=\"470\" height=\"22\" srcset=\"https:\/\/serwer1346845.home.pl\/autoinstalator\/wordpress1\/wp-content\/uploads\/2017\/03\/divbig.png 470w, https:\/\/serwer1346845.home.pl\/autoinstalator\/wordpress1\/wp-content\/uploads\/2017\/03\/divbig-300x14.png 300w, https:\/\/serwer1346845.home.pl\/autoinstalator\/wordpress1\/wp-content\/uploads\/2017\/03\/divbig-450x22.png 450w, https:\/\/serwer1346845.home.pl\/autoinstalator\/wordpress1\/wp-content\/uploads\/2017\/03\/divbig-24x1.png 24w, https:\/\/serwer1346845.home.pl\/autoinstalator\/wordpress1\/wp-content\/uploads\/2017\/03\/divbig-36x2.png 36w, https:\/\/serwer1346845.home.pl\/autoinstalator\/wordpress1\/wp-content\/uploads\/2017\/03\/divbig-48x2.png 48w\" sizes=\"(max-width: 470px) 100vw, 470px\" \/><\/p>\n<\/div>\n<\/div><\/div><\/div><\/div><div id=\"pg-13-3\"  class=\"panel-grid panel-no-style\" ><div id=\"pgc-13-3-0\"  class=\"panel-grid-cell\" ><div id=\"panel-13-3-0-0\" class=\"so-panel widget widget_sow-editor panel-first-child panel-last-child\" data-index=\"3\" ><div\n\t\t\t\n\t\t\tclass=\"so-widget-sow-editor so-widget-sow-editor-base\"\n\t\t\t\n\t\t>\n<div class=\"siteorigin-widget-tinymce textwidget\">\n\t<div class=\"cl-ib-content\" style=\"padding: 10%;\">\n<p class=\"cl-ib-content-h\"><a href=\"https:\/\/villamarina.eu\/?page_id=20\"><img decoding=\"async\" loading=\"lazy\" class=\"wp-image-494 size-full aligncenter\" src=\"https:\/\/serwer1346845.home.pl\/autoinstalator\/wordpress1\/wp-content\/uploads\/2017\/03\/Fotolia_27155194_XS.jpg\" alt=\"\" width=\"425\" height=\"283\" srcset=\"https:\/\/serwer1346845.home.pl\/autoinstalator\/wordpress1\/wp-content\/uploads\/2017\/03\/Fotolia_27155194_XS.jpg 425w, https:\/\/serwer1346845.home.pl\/autoinstalator\/wordpress1\/wp-content\/uploads\/2017\/03\/Fotolia_27155194_XS-300x200.jpg 300w, https:\/\/serwer1346845.home.pl\/autoinstalator\/wordpress1\/wp-content\/uploads\/2017\/03\/Fotolia_27155194_XS-272x182.jpg 272w, https:\/\/serwer1346845.home.pl\/autoinstalator\/wordpress1\/wp-content\/uploads\/2017\/03\/Fotolia_27155194_XS-24x16.jpg 24w, https:\/\/serwer1346845.home.pl\/autoinstalator\/wordpress1\/wp-content\/uploads\/2017\/03\/Fotolia_27155194_XS-36x24.jpg 36w, https:\/\/serwer1346845.home.pl\/autoinstalator\/wordpress1\/wp-content\/uploads\/2017\/03\/Fotolia_27155194_XS-48x32.jpg 48w\" sizes=\"(max-width: 425px) 100vw, 425px\" \/><\/a><\/p>\n<h4 class=\"cl-ib-title\" style=\"font-size: 30px;\">Wesela<\/h4>\n<h5 class=\"cl-ib-desc\" style=\"font-size: 16px;\">Przyj\u0119cie weselne to wyj\u0105tkowe wydarzenie w \u017cyciu ka\u017cdego z Nas. Pragniemy do\u0142o\u017cy\u0107 wszelkich stara\u0144, aby zosta\u0142o zorganizowane a najwy\u017cszym poziomie i by\u0142o niezapomnianym prze\u017cyciem dla Pa\u0144stwa i Pa\u0144stwa bliskich.<\/h5>\n<\/div>\n<\/div>\n<\/div><\/div><\/div><div id=\"pgc-13-3-1\"  class=\"panel-grid-cell\" ><div id=\"panel-13-3-1-0\" class=\"so-panel widget widget_sow-editor panel-first-child panel-last-child\" data-index=\"4\" ><div\n\t\t\t\n\t\t\tclass=\"so-widget-sow-editor so-widget-sow-editor-base\"\n\t\t\t\n\t\t>\n<div class=\"siteorigin-widget-tinymce textwidget\">\n\t<div class=\"cl-ib-content\" style=\"padding: 10%;\">\n<p class=\"cl-ib-content-h\"><a href=\"http:\/\/villamarina.eu\/?page_id=37\"><img decoding=\"async\" loading=\"lazy\" class=\"size-full wp-image-491 aligncenter\" src=\"http:\/\/serwer1346845.home.pl\/autoinstalator\/wordpress1\/wp-content\/uploads\/2017\/03\/Fotolia_33174319_XS-1.jpg\" alt=\"\" width=\"425\" height=\"282\" srcset=\"https:\/\/serwer1346845.home.pl\/autoinstalator\/wordpress1\/wp-content\/uploads\/2017\/03\/Fotolia_33174319_XS-1.jpg 425w, https:\/\/serwer1346845.home.pl\/autoinstalator\/wordpress1\/wp-content\/uploads\/2017\/03\/Fotolia_33174319_XS-1-300x199.jpg 300w, https:\/\/serwer1346845.home.pl\/autoinstalator\/wordpress1\/wp-content\/uploads\/2017\/03\/Fotolia_33174319_XS-1-24x16.jpg 24w, https:\/\/serwer1346845.home.pl\/autoinstalator\/wordpress1\/wp-content\/uploads\/2017\/03\/Fotolia_33174319_XS-1-36x24.jpg 36w, https:\/\/serwer1346845.home.pl\/autoinstalator\/wordpress1\/wp-content\/uploads\/2017\/03\/Fotolia_33174319_XS-1-48x32.jpg 48w\" sizes=\"(max-width: 425px) 100vw, 425px\" \/><\/a><\/p>\n<h4 class=\"cl-ib-title\" style=\"font-size: 30px;\">Komunie<\/h4>\n<h5 class=\"cl-ib-desc\" style=\"font-size: 16px;\">I Komunia \u015awi\u0119ta to niew\u0105tpliwie jeden z najwa\u017cniejszych moment\u00f3w<br \/>\nw \u017cyciu naszych dzieci i ich Rodzin.Pozwalaj\u0105c nam na organizacj\u0119 tej uroczysto\u015bci gwarantujemy Pa\u0144stwu, \u017ce impreza przez nas przygotowana b\u0119dzie gustownym dope\u0142nieniem ceremonii ko\u015bcielnej.<\/h5>\n<\/div>\n<\/div>\n<\/div><\/div><\/div><div id=\"pgc-13-3-2\"  class=\"panel-grid-cell\" ><div id=\"panel-13-3-2-0\" class=\"so-panel widget widget_sow-editor panel-first-child panel-last-child\" data-index=\"5\" ><div\n\t\t\t\n\t\t\tclass=\"so-widget-sow-editor so-widget-sow-editor-base\"\n\t\t\t\n\t\t>\n<div class=\"siteorigin-widget-tinymce textwidget\">\n\t<div class=\"cl-ib-content\" style=\"padding: 10%;\">\n<p class=\"cl-ib-content-h\"><a href=\"http:\/\/villamarina.eu\/?page_id=50\"><img decoding=\"async\" loading=\"lazy\" class=\"size-full wp-image-493 aligncenter\" src=\"http:\/\/serwer1346845.home.pl\/autoinstalator\/wordpress1\/wp-content\/uploads\/2017\/03\/Fotolia_41830082_XS.jpg\" alt=\"\" width=\"425\" height=\"283\" srcset=\"https:\/\/serwer1346845.home.pl\/autoinstalator\/wordpress1\/wp-content\/uploads\/2017\/03\/Fotolia_41830082_XS.jpg 425w, https:\/\/serwer1346845.home.pl\/autoinstalator\/wordpress1\/wp-content\/uploads\/2017\/03\/Fotolia_41830082_XS-300x200.jpg 300w, https:\/\/serwer1346845.home.pl\/autoinstalator\/wordpress1\/wp-content\/uploads\/2017\/03\/Fotolia_41830082_XS-272x182.jpg 272w, https:\/\/serwer1346845.home.pl\/autoinstalator\/wordpress1\/wp-content\/uploads\/2017\/03\/Fotolia_41830082_XS-24x16.jpg 24w, https:\/\/serwer1346845.home.pl\/autoinstalator\/wordpress1\/wp-content\/uploads\/2017\/03\/Fotolia_41830082_XS-36x24.jpg 36w, https:\/\/serwer1346845.home.pl\/autoinstalator\/wordpress1\/wp-content\/uploads\/2017\/03\/Fotolia_41830082_XS-48x32.jpg 48w\" sizes=\"(max-width: 425px) 100vw, 425px\" \/><\/a><\/p>\n<h4 class=\"cl-ib-title\" style=\"font-size: 30px;\">Przyj\u0119cia<\/h4>\n<h5 class=\"cl-ib-desc\" style=\"font-size: 16px;\">Z przyjemno\u015bci\u0105 stworzymy opraw\u0119 ka\u017cdej uroczysto\u015bci: urodzin, imienin, zar\u0119czyn, rocznic...<br \/>\nJest tyle okazji aby \u015bwi\u0119towa\u0107...<br \/>\nZapraszamy do Sali Bankietowej \"Villa Marina\" na celebrowanie wsp\u00f3lnych chwil.<\/h5>\n<\/div>\n<\/div>\n<\/div><\/div><\/div><\/div><div id=\"pg-13-4\"  class=\"panel-grid panel-no-style\" ><div id=\"pgc-13-4-0\"  class=\"panel-grid-cell\" ><div id=\"panel-13-4-0-0\" class=\"so-panel widget widget_sow-editor panel-first-child panel-last-child\" data-index=\"6\" ><div\n\t\t\t\n\t\t\tclass=\"so-widget-sow-editor so-widget-sow-editor-base\"\n\t\t\t\n\t\t>\n<div class=\"siteorigin-widget-tinymce textwidget\">\n\t<h4 style=\"text-align: center;\">Aktualne promocje i wolne terminy \u2013 zajrzyj na nasz Facebook i odkryj wi\u0119cej!<\/h4>\n<p style=\"text-align: center;\"><a href=\"https:\/\/www.facebook.com\/villamarina.eu\/\">https:\/\/www.facebook.com\/villamarina.eu\/<\/a><\/p>\n<\/div>\n<\/div><\/div><\/div><\/div><div id=\"pg-13-5\"  class=\"panel-grid panel-no-style\" ><div id=\"pgc-13-5-0\"  class=\"panel-grid-cell panel-grid-cell-empty\" ><\/div><div id=\"pgc-13-5-1\"  class=\"panel-grid-cell panel-grid-cell-empty panel-grid-cell-mobile-last\" ><\/div><div id=\"pgc-13-5-2\"  class=\"panel-grid-cell panel-grid-cell-empty\" ><\/div><\/div><div id=\"pg-13-6\"  class=\"panel-grid panel-no-style\" ><div id=\"pgc-13-6-0\"  class=\"panel-grid-cell panel-grid-cell-empty\" ><\/div><\/div><div id=\"pg-13-7\"  class=\"panel-grid panel-no-style\" ><div id=\"pgc-13-7-0\"  class=\"panel-grid-cell\" ><div id=\"panel-13-7-0-0\" class=\"so-panel widget widget_sow-editor panel-first-child panel-last-child\" data-index=\"7\" ><div\n\t\t\t\n\t\t\tclass=\"so-widget-sow-editor so-widget-sow-editor-base\"\n\t\t\t\n\t\t>\n<div class=\"siteorigin-widget-tinymce textwidget\">\n\t<p style=\"text-align: center;\"><img decoding=\"async\" loading=\"lazy\" class=\"alignnone wp-image-482 size-full\" src=\"http:\/\/serwer1346845.home.pl\/autoinstalator\/wordpress1\/wp-content\/uploads\/2017\/03\/divbig.png\" alt=\"\" width=\"470\" height=\"22\" srcset=\"https:\/\/serwer1346845.home.pl\/autoinstalator\/wordpress1\/wp-content\/uploads\/2017\/03\/divbig.png 470w, https:\/\/serwer1346845.home.pl\/autoinstalator\/wordpress1\/wp-content\/uploads\/2017\/03\/divbig-300x14.png 300w, https:\/\/serwer1346845.home.pl\/autoinstalator\/wordpress1\/wp-content\/uploads\/2017\/03\/divbig-450x22.png 450w, https:\/\/serwer1346845.home.pl\/autoinstalator\/wordpress1\/wp-content\/uploads\/2017\/03\/divbig-24x1.png 24w, https:\/\/serwer1346845.home.pl\/autoinstalator\/wordpress1\/wp-content\/uploads\/2017\/03\/divbig-36x2.png 36w, https:\/\/serwer1346845.home.pl\/autoinstalator\/wordpress1\/wp-content\/uploads\/2017\/03\/divbig-48x2.png 48w\" sizes=\"(max-width: 470px) 100vw, 470px\" \/><\/p>\n<\/div>\n<\/div><\/div><\/div><\/div><div id=\"pg-13-8\"  class=\"panel-grid panel-no-style\" ><div id=\"pgc-13-8-0\"  class=\"panel-grid-cell\" ><div id=\"panel-13-8-0-0\" class=\"so-panel widget widget_sow-editor panel-first-child panel-last-child\" data-index=\"8\" ><div\n\t\t\t\n\t\t\tclass=\"so-widget-sow-editor so-widget-sow-editor-base\"\n\t\t\t\n\t\t>\n<div class=\"siteorigin-widget-tinymce textwidget\">\n\t<h4 style=\"text-align: center;\">Villa Marina Video<\/h4>\n<\/div>\n<\/div><\/div><\/div><\/div><div id=\"pg-13-9\"  class=\"panel-grid panel-no-style\" ><div id=\"pgc-13-9-0\"  class=\"panel-grid-cell\" ><div id=\"panel-13-9-0-0\" class=\"so-panel widget widget_sow-editor panel-first-child panel-last-child\" data-index=\"9\" ><div\n\t\t\t\n\t\t\tclass=\"so-widget-sow-editor so-widget-sow-editor-base\"\n\t\t\t\n\t\t>\n<div class=\"siteorigin-widget-tinymce textwidget\">\n\t<p><iframe loading=\"lazy\" src=\"https:\/\/www.youtube.com\/embed\/apxfa1FAMkA?feature=oembed\" width=\"720\" height=\"405\" frameborder=\"0\" allowfullscreen=\"allowfullscreen\"><\/iframe><\/p>\n<\/div>\n<\/div><\/div><\/div><div id=\"pgc-13-9-1\"  class=\"panel-grid-cell\" ><div id=\"panel-13-9-1-0\" class=\"so-panel widget widget_sow-editor panel-first-child panel-last-child\" data-index=\"10\" ><div\n\t\t\t\n\t\t\tclass=\"so-widget-sow-editor so-widget-sow-editor-base\"\n\t\t\t\n\t\t>\n<div class=\"siteorigin-widget-tinymce textwidget\">\n\t<p><iframe loading=\"lazy\" src=\"https:\/\/www.youtube.com\/embed\/B1OypxwTPVI?feature=oembed\" width=\"720\" height=\"405\" frameborder=\"0\" allowfullscreen=\"allowfullscreen\"><\/iframe><\/p>\n<\/div>\n<\/div><\/div><\/div><div id=\"pgc-13-9-2\"  class=\"panel-grid-cell\" ><div id=\"panel-13-9-2-0\" class=\"so-panel widget widget_sow-editor panel-first-child panel-last-child\" data-index=\"11\" ><div\n\t\t\t\n\t\t\tclass=\"so-widget-sow-editor so-widget-sow-editor-base\"\n\t\t\t\n\t\t>\n<div class=\"siteorigin-widget-tinymce textwidget\">\n\t<p><iframe loading=\"lazy\" src=\"https:\/\/www.youtube.com\/embed\/DZPgRkXyih4?feature=oembed\" width=\"720\" height=\"405\" frameborder=\"0\" allowfullscreen=\"allowfullscreen\"><\/iframe><\/p>\n<\/div>\n<\/div><\/div><\/div><\/div><div id=\"pg-13-10\"  class=\"panel-grid panel-no-style\" ><div id=\"pgc-13-10-0\"  class=\"panel-grid-cell\" ><div id=\"panel-13-10-0-0\" class=\"so-panel widget widget_sow-editor panel-first-child\" data-index=\"12\" ><div\n\t\t\t\n\t\t\tclass=\"so-widget-sow-editor so-widget-sow-editor-base\"\n\t\t\t\n\t\t>\n<div class=\"siteorigin-widget-tinymce textwidget\">\n\t<p style=\"text-align: center;\"><img decoding=\"async\" loading=\"lazy\" class=\"alignnone wp-image-482 size-full\" src=\"http:\/\/serwer1346845.home.pl\/autoinstalator\/wordpress1\/wp-content\/uploads\/2017\/03\/divbig.png\" alt=\"\" width=\"470\" height=\"22\" srcset=\"https:\/\/serwer1346845.home.pl\/autoinstalator\/wordpress1\/wp-content\/uploads\/2017\/03\/divbig.png 470w, https:\/\/serwer1346845.home.pl\/autoinstalator\/wordpress1\/wp-content\/uploads\/2017\/03\/divbig-300x14.png 300w, https:\/\/serwer1346845.home.pl\/autoinstalator\/wordpress1\/wp-content\/uploads\/2017\/03\/divbig-450x22.png 450w, https:\/\/serwer1346845.home.pl\/autoinstalator\/wordpress1\/wp-content\/uploads\/2017\/03\/divbig-24x1.png 24w, https:\/\/serwer1346845.home.pl\/autoinstalator\/wordpress1\/wp-content\/uploads\/2017\/03\/divbig-36x2.png 36w, https:\/\/serwer1346845.home.pl\/autoinstalator\/wordpress1\/wp-content\/uploads\/2017\/03\/divbig-48x2.png 48w\" sizes=\"(max-width: 470px) 100vw, 470px\" \/><\/p>\n<h4 style=\"text-align: center;\">Nasza lokalizacja<\/h4>\n<\/div>\n<\/div><\/div><div id=\"panel-13-10-0-1\" class=\"so-panel widget widget_wpgmza_map_widget wpgmza_widget panel-last-child\" data-index=\"13\"><div id=\"wpgmza_map\" class=\"wpgmza_map\" data-settings='{\"id\":\"1\",\"map_title\":\"My first map\",\"map_width\":\"100\",\"map_height\":\"400\",\"map_start_lat\":\"50.356206\",\"map_start_lng\":\"19.233823\",\"map_start_location\":\"50.35620602513522,19.233823204413056\",\"map_start_zoom\":\"17\",\"default_marker\":\"0\",\"type\":\"1\",\"alignment\":\"1\",\"directions_enabled\":\"1\",\"styling_enabled\":\"0\",\"styling_json\":\"\",\"active\":\"0\",\"kml\":\"\",\"bicycle\":\"0\",\"traffic\":\"0\",\"dbox\":\"1\",\"dbox_width\":\"100\",\"listmarkers\":\"0\",\"listmarkers_advanced\":\"0\",\"filterbycat\":\"0\",\"ugm_enabled\":\"0\",\"ugm_category_enabled\":\"0\",\"fusion\":\"\",\"map_width_type\":\"\\\\%\",\"map_height_type\":\"px\",\"mass_marker_support\":\"1\",\"ugm_access\":\"0\",\"order_markers_by\":\"1\",\"order_markers_choice\":\"2\",\"show_user_location\":\"0\",\"default_to\":\"\",\"other_settings\":{\"store_locator_enabled\":2,\"store_locator_distance\":2,\"store_locator_bounce\":1,\"store_locator_query_string\":\"ZIP \\\/ Address:\",\"store_locator_default_address\":\"\",\"wpgmza_store_locator_restrict\":\"\",\"map_max_zoom\":\"1\",\"transport_layer\":0,\"wpgmza_theme_data\":\"\"}}' data-map-id='1' Data-maps-engine='' data-shortcode-attributes='{\"id\":\"1\"}' style=\"display:block; overflow:auto; width:100%; height:400px; float:left;\"><\/div><\/div><\/div><\/div><\/div>","protected":false},"excerpt":{"rendered":"<p>Przywitajcie swoj\u0105 mi\u0142o\u015b\u0107 w wyj\u0105tkowym miejscu na tle niezwyk\u0142ego widoku jeziora. Zapraszamy do ekskluzywnej Sali Bankietowej Villa Marina. Villa Marina po\u0142o\u017cona nad samym brzegiem malowniczego zbiornika Pogoria I, w otoczeniu zielonego lasu, oferuje wyj\u0105tkowe po\u0142\u0105czenie spokoju, natury i elegancji. Lokalizacja z dala od miejskiego zgie\u0142ku tworzy idealne warunki do organizacji niezapomnianych przyj\u0119\u0107.\u00a0 Do Pa\u0144stwa dyspozycji [&hellip;]<\/p>\n","protected":false},"author":1,"featured_media":0,"parent":0,"menu_order":0,"comment_status":"closed","ping_status":"closed","template":"templates\/template-full.php","meta":{"_eb_attr":"","footnotes":""},"_links":{"self":[{"href":"https:\/\/villamarina.eu\/index.php?rest_route=\/wp\/v2\/pages\/13"}],"collection":[{"href":"https:\/\/villamarina.eu\/index.php?rest_route=\/wp\/v2\/pages"}],"about":[{"href":"https:\/\/villamarina.eu\/index.php?rest_route=\/wp\/v2\/types\/page"}],"author":[{"embeddable":true,"href":"https:\/\/villamarina.eu\/index.php?rest_route=\/wp\/v2\/users\/1"}],"replies":[{"embeddable":true,"href":"https:\/\/villamarina.eu\/index.php?rest_route=%2Fwp%2Fv2%2Fcomments&post=13"}],"version-history":[{"count":276,"href":"https:\/\/villamarina.eu\/index.php?rest_route=\/wp\/v2\/pages\/13\/revisions"}],"predecessor-version":[{"id":1380,"href":"https:\/\/villamarina.eu\/index.php?rest_route=\/wp\/v2\/pages\/13\/revisions\/1380"}],"wp:attachment":[{"href":"https:\/\/villamarina.eu\/index.php?rest_route=%2Fwp%2Fv2%2Fmedia&parent=13"}],"curies":[{"name":"wp","href":"https:\/\/api.w.org\/{rel}","templated":true}]}}