{"id":22,"date":"2017-03-25T12:44:03","date_gmt":"2017-03-25T12:44:03","guid":{"rendered":"http:\/\/serwer1346845.home.pl\/autoinstalator\/wordpress1\/?page_id=22"},"modified":"2023-09-15T04:41:00","modified_gmt":"2023-09-15T04:41:00","slug":"oferta","status":"publish","type":"page","link":"https:\/\/villamarina.eu\/?page_id=22","title":{"rendered":"Oferta"},"content":{"rendered":"<div id=\"pl-22\"  class=\"panel-layout\" ><div id=\"pg-22-0\"  class=\"panel-grid panel-no-style\" ><div id=\"pgc-22-0-0\"  class=\"panel-grid-cell\" ><div id=\"panel-22-0-0-0\" class=\"so-panel widget widget_cl-ib widget-cl-ib panel-first-child panel-last-child\" data-index=\"0\" ><a href=\"http:\/\/serwer1346845.home.pl\/autoinstalator\/wordpress1\/?page_id=20\" class=\"cl-ib animation_caeros ratio_3x2 align_center with_title with_desc cl_custom_css_1\" style=\"width:100%;background-color:#444444;color:#ffffff;\"><div class=\"cl-ib-h easing_ease\"><div class=\"cl-ib-image\" style=\"background-image: url(https:\/\/serwer1346845.home.pl\/autoinstalator\/wordpress1\/wp-content\/uploads\/2017\/03\/Fotolia_27155194_XS.jpg)\"><img src=\"https:\/\/serwer1346845.home.pl\/autoinstalator\/wordpress1\/wp-content\/uploads\/2017\/03\/Fotolia_27155194_XS.jpg\" width=\"425\" height=\"283\"  alt=\"WESELA\" \/><\/div><div class=\"cl-ib-content\" style=\"padding:10%;\"><div class=\"cl-ib-content-h\"><h4 class=\"cl-ib-title\" style=\"font-size:30px;\">WESELA<\/h4><div class=\"cl-ib-desc\" style=\"font-size:16px;\">Przyj\u0119cie weselne to wyj\u0105tkowe wydarzenie w \u017cyciu ka\u017cdego z Nas. Pragniemy do\u0142o\u017cy\u0107 wszelkich stara\u0144, aby zosta\u0142o zorganizowane a najwy\u017cszym poziomie i by\u0142o niezapomnianym prze\u017cyciem dla Pa\u0144stwa i Pa\u0144stwa bliskich.<\/div><\/div><\/div><\/div><\/a><style type=\"text\/css\">@media only screen and (max-width: 599px) {.cl_custom_css_1 .cl-ib-title { font-size:24px !important; }}<\/style><\/div><\/div><div id=\"pgc-22-0-1\"  class=\"panel-grid-cell\" ><div id=\"panel-22-0-1-0\" class=\"so-panel widget widget_cl-ib widget-cl-ib panel-first-child panel-last-child\" data-index=\"1\" ><a href=\"http:\/\/serwer1346845.home.pl\/autoinstalator\/wordpress1\/?page_id=37\" class=\"cl-ib animation_caeros ratio_3x2 align_center with_title with_desc cl_custom_css_2\" style=\"width:100%;background-color:#444444;color:#ffffff;\"><div class=\"cl-ib-h easing_ease\"><div class=\"cl-ib-image\" style=\"background-image: url(https:\/\/serwer1346845.home.pl\/autoinstalator\/wordpress1\/wp-content\/uploads\/2017\/03\/Fotolia_33174319_XS-1.jpg)\"><img src=\"https:\/\/serwer1346845.home.pl\/autoinstalator\/wordpress1\/wp-content\/uploads\/2017\/03\/Fotolia_33174319_XS-1.jpg\" width=\"425\" height=\"282\"  alt=\"KOMUNIE\" \/><\/div><div class=\"cl-ib-content\" style=\"padding:10%;\"><div class=\"cl-ib-content-h\"><h4 class=\"cl-ib-title\" style=\"font-size:30px;\">KOMUNIE<\/h4><div class=\"cl-ib-desc\" style=\"font-size:16px;\">I Komunia \u015awi\u0119ta to niew\u0105tpliwie jeden z najwa\u017cniejszych moment\u00f3w\nw \u017cyciu naszych dzieci i ich Rodzin.\n\nPozwalaj\u0105c nam na organizacj\u0119 tej uroczysto\u015bci gwarantujemy Pa\u0144stwu, \u017ce impreza przez nas przygotowana b\u0119dzie gustownym dope\u0142nieniem ceremonii ko\u015bcielnej.<\/div><\/div><\/div><\/div><\/a><style type=\"text\/css\">@media only screen and (max-width: 599px) {.cl_custom_css_2 .cl-ib-title { font-size:24px !important; }}<\/style><\/div><\/div><div id=\"pgc-22-0-2\"  class=\"panel-grid-cell\" ><div id=\"panel-22-0-2-0\" class=\"so-panel widget widget_cl-ib widget-cl-ib panel-first-child panel-last-child\" data-index=\"2\" ><a href=\"http:\/\/serwer1346845.home.pl\/autoinstalator\/wordpress1\/?page_id=50\" class=\"cl-ib animation_caeros ratio_3x2 align_center with_title with_desc cl_custom_css_3\" style=\"width:100%;background-color:#444444;color:#ffffff;\"><div class=\"cl-ib-h easing_ease\"><div class=\"cl-ib-image\" style=\"background-image: url(https:\/\/serwer1346845.home.pl\/autoinstalator\/wordpress1\/wp-content\/uploads\/2017\/03\/Fotolia_41830082_XS.jpg)\"><img src=\"https:\/\/serwer1346845.home.pl\/autoinstalator\/wordpress1\/wp-content\/uploads\/2017\/03\/Fotolia_41830082_XS.jpg\" width=\"425\" height=\"283\"  alt=\"PRZYJ\u0118CIA\" \/><\/div><div class=\"cl-ib-content\" style=\"padding:10%;\"><div class=\"cl-ib-content-h\"><h4 class=\"cl-ib-title\" style=\"font-size:30px;\">PRZYJ\u0118CIA<\/h4><div class=\"cl-ib-desc\" style=\"font-size:16px;\">Z przyjemno\u015bci\u0105 stworzymy opraw\u0119 ka\u017cdej uroczysto\u015bci: urodzin, imienin, zar\u0119czyn, rocznic...\nJest tyle okazji aby \u015bwi\u0119towa\u0107...\nZapraszamy do Sali Bankietowej \"Villa Marina\" na celebrowanie wsp\u00f3lnych chwil.<\/div><\/div><\/div><\/div><\/a><style type=\"text\/css\">@media only screen and (max-width: 599px) {.cl_custom_css_3 .cl-ib-title { font-size:24px !important; }}<\/style><\/div><\/div><\/div><\/div>","protected":false},"excerpt":{"rendered":"<p>WESELAPrzyj\u0119cie weselne to wyj\u0105tkowe wydarzenie w \u017cyciu ka\u017cdego z Nas. Pragniemy do\u0142o\u017cy\u0107 wszelkich stara\u0144, aby zosta\u0142o zorganizowane a najwy\u017cszym poziomie i by\u0142o niezapomnianym prze\u017cyciem dla Pa\u0144stwa i Pa\u0144stwa bliskich.KOMUNIEI Komunia \u015awi\u0119ta to niew\u0105tpliwie jeden z najwa\u017cniejszych moment\u00f3w w \u017cyciu naszych dzieci i ich Rodzin. Pozwalaj\u0105c nam na organizacj\u0119 tej uroczysto\u015bci gwarantujemy Pa\u0144stwu, \u017ce impreza przez [&hellip;]<\/p>\n","protected":false},"author":1,"featured_media":0,"parent":0,"menu_order":0,"comment_status":"closed","ping_status":"closed","template":"","meta":{"_eb_attr":"","footnotes":""},"_links":{"self":[{"href":"https:\/\/villamarina.eu\/index.php?rest_route=\/wp\/v2\/pages\/22"}],"collection":[{"href":"https:\/\/villamarina.eu\/index.php?rest_route=\/wp\/v2\/pages"}],"about":[{"href":"https:\/\/villamarina.eu\/index.php?rest_route=\/wp\/v2\/types\/page"}],"author":[{"embeddable":true,"href":"https:\/\/villamarina.eu\/index.php?rest_route=\/wp\/v2\/users\/1"}],"replies":[{"embeddable":true,"href":"https:\/\/villamarina.eu\/index.php?rest_route=%2Fwp%2Fv2%2Fcomments&post=22"}],"version-history":[{"count":10,"href":"https:\/\/villamarina.eu\/index.php?rest_route=\/wp\/v2\/pages\/22\/revisions"}],"predecessor-version":[{"id":1060,"href":"https:\/\/villamarina.eu\/index.php?rest_route=\/wp\/v2\/pages\/22\/revisions\/1060"}],"wp:attachment":[{"href":"https:\/\/villamarina.eu\/index.php?rest_route=%2Fwp%2Fv2%2Fmedia&parent=22"}],"curies":[{"name":"wp","href":"https:\/\/api.w.org\/{rel}","templated":true}]}}