{"id":37,"date":"2017-03-25T13:21:08","date_gmt":"2017-03-25T13:21:08","guid":{"rendered":"http:\/\/serwer1346845.home.pl\/autoinstalator\/wordpress1\/?page_id=37"},"modified":"2026-01-03T15:03:33","modified_gmt":"2026-01-03T15:03:33","slug":"komunie","status":"publish","type":"page","link":"https:\/\/villamarina.eu\/?page_id=37","title":{"rendered":"Komunie"},"content":{"rendered":"<div id=\"pl-37\" class=\"panel-layout\">\n<div id=\"pg-37-0\" class=\"panel-grid panel-no-style\" data-style=\"{&quot;background_display&quot;:&quot;tile&quot;,&quot;cell_alignment&quot;:&quot;flex-start&quot;}\">\n<div id=\"pgc-37-0-0\" class=\"panel-grid-cell\" data-weight=\"1\">\n<div id=\"panel-37-0-0-0\" class=\"so-panel widget widget_sow-editor panel-first-child panel-last-child\" data-index=\"0\" data-style=\"{&quot;background_image_attachment&quot;:false,&quot;background_display&quot;:&quot;tile&quot;}\">\n<div class=\"so-widget-sow-editor so-widget-sow-editor-base\">\n<div class=\"siteorigin-widget-tinymce textwidget\">\n<p><img decoding=\"async\" loading=\"lazy\" class=\"size-medium wp-image-38 alignright\" src=\"http:\/\/serwer1346845.home.pl\/autoinstalator\/wordpress1\/wp-content\/uploads\/2017\/03\/Fotolia_33174319_XS-300x199.jpg\" alt=\"\" width=\"300\" height=\"199\" srcset=\"https:\/\/serwer1346845.home.pl\/autoinstalator\/wordpress1\/wp-content\/uploads\/2017\/03\/Fotolia_33174319_XS-300x199.jpg 300w, https:\/\/serwer1346845.home.pl\/autoinstalator\/wordpress1\/wp-content\/uploads\/2017\/03\/Fotolia_33174319_XS.jpg 425w\" sizes=\"(max-width: 300px) 100vw, 300px\" \/><\/p>\n<h4><\/h4>\n<h4><\/h4>\n<h5>I Komunia \u015awi\u0119ta to niew\u0105tpliwie jeden z najwa\u017cniejszych moment\u00f3w<br \/>\nw \u017cyciu naszych dzieci i ich Rodzin.<\/h5>\n<h5>Pozwalaj\u0105c nam na organizacj\u0119 tej uroczysto\u015bci gwarantujemy Pa\u0144stwu, \u017ce impreza przez nas przygotowana b\u0119dzie gustownym dope\u0142nieniem ceremonii ko\u015bcielnej.<\/h5>\n<\/div>\n<\/div>\n<\/div>\n<h5 style=\"text-align: center;\"><\/h5>\n<div id=\"panel-37-0-0-0\" class=\"so-panel widget widget_sow-editor panel-first-child panel-last-child\" data-index=\"0\" data-style=\"{&quot;background_image_attachment&quot;:false,&quot;background_display&quot;:&quot;tile&quot;}\">\n<div class=\"so-widget-sow-editor so-widget-sow-editor-base\">\n<div class=\"siteorigin-widget-tinymce textwidget\">\n<p>&nbsp;<\/p>\n<p style=\"text-align: center;\"><img decoding=\"async\" loading=\"lazy\" class=\"alignnone size-full wp-image-426\" src=\"http:\/\/serwer1346845.home.pl\/autoinstalator\/wordpress1\/wp-content\/uploads\/2017\/03\/div4.png\" alt=\"\" width=\"258\" height=\"22\" srcset=\"https:\/\/serwer1346845.home.pl\/autoinstalator\/wordpress1\/wp-content\/uploads\/2017\/03\/div4.png 258w, https:\/\/serwer1346845.home.pl\/autoinstalator\/wordpress1\/wp-content\/uploads\/2017\/03\/div4-24x2.png 24w, https:\/\/serwer1346845.home.pl\/autoinstalator\/wordpress1\/wp-content\/uploads\/2017\/03\/div4-36x3.png 36w, https:\/\/serwer1346845.home.pl\/autoinstalator\/wordpress1\/wp-content\/uploads\/2017\/03\/div4-48x4.png 48w\" sizes=\"(max-width: 258px) 100vw, 258px\" \/><\/p>\n<h4 style=\"text-align: center;\"><strong>Menu Komunijne<\/strong><\/h4>\n<h4 style=\"text-align: center;\">Cena 350 z\u0142 za osob\u0119<\/h4>\n<h5 style=\"text-align: center;\" align=\"center\"><strong>PRZYSTAWKA<\/strong><br \/>\nP\u0142atki delikatnego kurczaka z sosem \u017curawinowym na miksie chrupi\u0105cych sa\u0142at<\/h5>\n<h5 style=\"text-align: center;\" align=\"center\"><strong>PIERWSZE DANIE<\/strong><br \/>\nTradycyjny ros\u00f3\u0142 wo\u0142owo &#8211; drobiowy z makaronem<\/h5>\n<h5 style=\"text-align: center;\" align=\"center\"><strong>DRUGIE DANIE<\/strong><\/h5>\n<h5 style=\"text-align: center;\" align=\"center\"><em>podawane na p\u00f3\u0142miskach<br \/>\n<\/em><\/h5>\n<h5 style=\"text-align: center;\" align=\"center\">Rolada \u015bl\u0105ska<\/h5>\n<h5 style=\"text-align: center;\" align=\"center\">Filet z kurczaka w panierce migda\u0142owej<\/h5>\n<h5 style=\"text-align: center;\" align=\"center\">Plastry soczystej pieczonej szynki szpikowanej boczkiem i czosnkiem<\/h5>\n<h5 style=\"text-align: center;\" align=\"center\"><strong>DODATKI DO DRUGIEGO DANIA<\/strong><\/h5>\n<h5 style=\"text-align: center;\" align=\"center\">Kluski \u015bl\u0105skie<\/h5>\n<h5 style=\"text-align: center;\" align=\"center\">Ziemniaczki opiekane<\/h5>\n<h5 style=\"text-align: center;\" align=\"center\"><strong>SUR\u00d3WKI<\/strong><br \/>\nMarchew z ananasem<\/h5>\n<h5 style=\"text-align: center;\" align=\"center\">Modra kapusta<\/h5>\n<h5 style=\"text-align: center;\" align=\"center\">\u00a0<strong>PRZEK\u0104SKI ZIMNE<\/strong><br \/>\nP\u00f3\u0142misek mi\u0119s pieczonych i swojskich w\u0119dlin podanych z \u0107wik\u0142\u0105 i chrzanem<br \/>\nPieczony domowy pasztet<br \/>\nTradycyjna sa\u0142atka jarzynowa<br \/>\nSa\u0142atka grecka<\/h5>\n<h5 style=\"text-align: center;\" align=\"center\">Tymbaliki z kurczaka<\/h5>\n<h5 style=\"text-align: center;\" align=\"center\">Jajka faszerowane past\u0105 pieczakowo &#8211;\u00a0 pietruszkow\u0105<\/h5>\n<h5 style=\"text-align: center;\" align=\"center\">Oryginalna sa\u0142atka Caprese<\/h5>\n<h5 style=\"text-align: center;\" align=\"center\">Dodatkowo: Pomidor, og\u00f3rek konserwowy, koszyk \u015bwie\u017cego pieczywa, mas\u0142o<\/h5>\n<h5 style=\"text-align: center;\" align=\"center\"><strong>CIEP\u0141A KOLACJA<\/strong><br \/>\n<em>serwowana przez kelner\u00f3w<\/em><br \/>\nBoeuf Strogonow<\/h5>\n<h5 style=\"text-align: center;\" align=\"center\"><strong>NAPOJE <span class=\"Apple-converted-space\"><span style=\"color: #ff0000;\">BEZ OGRANICZE\u0143<\/span><\/span><\/strong><br \/>\nKawa z <strong>ekspresu<\/strong> w kilku wariantach, herbata,\u00a0\u00a0Coca &#8211; cola 500ml , Fanta 500ml ,\u00a0 Sprite 500ml , woda \u00a0Kropla Beskidu, Soki\u00a0 Cappy pomara\u0144cza, jab\u0142ko, grapefruit w dzbankach<\/h5>\n<h3 style=\"text-align: center;\">\u00a0\u00a0<img decoding=\"async\" loading=\"lazy\" class=\"\" src=\"http:\/\/serwer1346845.home.pl\/autoinstalator\/wordpress1\/wp-content\/uploads\/2017\/03\/Coca-Cola.png\" alt=\"\" width=\"47\" height=\"47\" \/>\u00a0 \u00a0\u00a0<img decoding=\"async\" loading=\"lazy\" class=\"alignnone wp-image-878\" src=\"http:\/\/serwer1346845.home.pl\/autoinstalator\/wordpress1\/wp-content\/uploads\/2017\/03\/fanta.png\" alt=\"\" width=\"39\" height=\"39\" srcset=\"https:\/\/serwer1346845.home.pl\/autoinstalator\/wordpress1\/wp-content\/uploads\/2017\/03\/fanta.png 500w, https:\/\/serwer1346845.home.pl\/autoinstalator\/wordpress1\/wp-content\/uploads\/2017\/03\/fanta-150x150.png 150w, https:\/\/serwer1346845.home.pl\/autoinstalator\/wordpress1\/wp-content\/uploads\/2017\/03\/fanta-300x300.png 300w, https:\/\/serwer1346845.home.pl\/autoinstalator\/wordpress1\/wp-content\/uploads\/2017\/03\/fanta-24x24.png 24w, https:\/\/serwer1346845.home.pl\/autoinstalator\/wordpress1\/wp-content\/uploads\/2017\/03\/fanta-36x36.png 36w, https:\/\/serwer1346845.home.pl\/autoinstalator\/wordpress1\/wp-content\/uploads\/2017\/03\/fanta-48x48.png 48w\" sizes=\"(max-width: 39px) 100vw, 39px\" \/>\u00a0 \u00a0 <img decoding=\"async\" loading=\"lazy\" class=\"alignnone wp-image-879\" src=\"http:\/\/serwer1346845.home.pl\/autoinstalator\/wordpress1\/wp-content\/uploads\/2017\/03\/sprite_logo_grey.png\" alt=\"\" width=\"42\" height=\"42\" srcset=\"https:\/\/serwer1346845.home.pl\/autoinstalator\/wordpress1\/wp-content\/uploads\/2017\/03\/sprite_logo_grey.png 500w, https:\/\/serwer1346845.home.pl\/autoinstalator\/wordpress1\/wp-content\/uploads\/2017\/03\/sprite_logo_grey-150x150.png 150w, https:\/\/serwer1346845.home.pl\/autoinstalator\/wordpress1\/wp-content\/uploads\/2017\/03\/sprite_logo_grey-300x300.png 300w, https:\/\/serwer1346845.home.pl\/autoinstalator\/wordpress1\/wp-content\/uploads\/2017\/03\/sprite_logo_grey-24x24.png 24w, https:\/\/serwer1346845.home.pl\/autoinstalator\/wordpress1\/wp-content\/uploads\/2017\/03\/sprite_logo_grey-36x36.png 36w, https:\/\/serwer1346845.home.pl\/autoinstalator\/wordpress1\/wp-content\/uploads\/2017\/03\/sprite_logo_grey-48x48.png 48w\" sizes=\"(max-width: 42px) 100vw, 42px\" \/>\u00a0 \u00a0\u00a0<img decoding=\"async\" loading=\"lazy\" class=\"alignnone wp-image-881\" src=\"http:\/\/serwer1346845.home.pl\/autoinstalator\/wordpress1\/wp-content\/uploads\/2017\/03\/cappy.png\" alt=\"\" width=\"44\" height=\"44\" srcset=\"https:\/\/serwer1346845.home.pl\/autoinstalator\/wordpress1\/wp-content\/uploads\/2017\/03\/cappy.png 500w, https:\/\/serwer1346845.home.pl\/autoinstalator\/wordpress1\/wp-content\/uploads\/2017\/03\/cappy-150x150.png 150w, https:\/\/serwer1346845.home.pl\/autoinstalator\/wordpress1\/wp-content\/uploads\/2017\/03\/cappy-300x300.png 300w, https:\/\/serwer1346845.home.pl\/autoinstalator\/wordpress1\/wp-content\/uploads\/2017\/03\/cappy-24x24.png 24w, https:\/\/serwer1346845.home.pl\/autoinstalator\/wordpress1\/wp-content\/uploads\/2017\/03\/cappy-36x36.png 36w, https:\/\/serwer1346845.home.pl\/autoinstalator\/wordpress1\/wp-content\/uploads\/2017\/03\/cappy-48x48.png 48w\" sizes=\"(max-width: 44px) 100vw, 44px\" \/>\u00a0\u00a0\u00a0\u00a0\u00a0<img decoding=\"async\" loading=\"lazy\" class=\"alignnone wp-image-880\" src=\"http:\/\/serwer1346845.home.pl\/autoinstalator\/wordpress1\/wp-content\/uploads\/2017\/03\/kropla_beskidu.png\" alt=\"\" width=\"35\" height=\"35\" srcset=\"https:\/\/serwer1346845.home.pl\/autoinstalator\/wordpress1\/wp-content\/uploads\/2017\/03\/kropla_beskidu.png 500w, https:\/\/serwer1346845.home.pl\/autoinstalator\/wordpress1\/wp-content\/uploads\/2017\/03\/kropla_beskidu-150x150.png 150w, https:\/\/serwer1346845.home.pl\/autoinstalator\/wordpress1\/wp-content\/uploads\/2017\/03\/kropla_beskidu-300x300.png 300w, https:\/\/serwer1346845.home.pl\/autoinstalator\/wordpress1\/wp-content\/uploads\/2017\/03\/kropla_beskidu-24x24.png 24w, https:\/\/serwer1346845.home.pl\/autoinstalator\/wordpress1\/wp-content\/uploads\/2017\/03\/kropla_beskidu-36x36.png 36w, https:\/\/serwer1346845.home.pl\/autoinstalator\/wordpress1\/wp-content\/uploads\/2017\/03\/kropla_beskidu-48x48.png 48w\" sizes=\"(max-width: 35px) 100vw, 35px\" \/><\/h3>\n<h5 style=\"text-align: center;\" align=\"center\"><strong>S\u0141ODYCZE<\/strong><br \/>\nCiasta na paterach 3 rodzaje, owoce<\/h5>\n<h5 style=\"text-align: center;\" align=\"center\">Dodatkowe atrakcje dla dzieci (gry i zabawy, konkursy, fotobudka, dmuchanie balon\u00f3w, plac zabaw i wiele innych)<\/h5>\n<h5 style=\"text-align: center;\" align=\"center\">Za dzieci do lat 3 uczestnicz\u0105ce w\u00a0przyj\u0119ciu nie pobieramy op\u0142aty.<\/h5>\n<h5 style=\"text-align: center;\" align=\"center\">Dzieci do lat 6 obj\u0119te s\u0105 op\u0142at\u0105 w wysoko\u015bci 50%.<\/h5>\n<h5 style=\"text-align: center;\" align=\"center\">Czas trwania przyj\u0119cia &#8211; do 8 godzin (maksymalna godzina zako\u0144czenia: 20.00)<\/h5>\n<h5 style=\"text-align: center;\" align=\"center\">Minimalna godzina rozpocz\u0119cia przyj\u0119cia: 12.00<\/h5>\n<h5 style=\"text-align: center;\">Minimalna ilo\u015b\u0107 os\u00f3b na przyj\u0119ciu wynosi 20 os\u00f3b pe\u0142nop\u0142atnych<\/h5>\n<h3 style=\"text-align: center;\">\u00a0<img decoding=\"async\" loading=\"lazy\" class=\"alignnone size-full wp-image-426\" src=\"http:\/\/serwer1346845.home.pl\/autoinstalator\/wordpress1\/wp-content\/uploads\/2017\/03\/div4.png\" alt=\"\" width=\"258\" height=\"22\" srcset=\"https:\/\/serwer1346845.home.pl\/autoinstalator\/wordpress1\/wp-content\/uploads\/2017\/03\/div4.png 258w, https:\/\/serwer1346845.home.pl\/autoinstalator\/wordpress1\/wp-content\/uploads\/2017\/03\/div4-24x2.png 24w, https:\/\/serwer1346845.home.pl\/autoinstalator\/wordpress1\/wp-content\/uploads\/2017\/03\/div4-36x3.png 36w, https:\/\/serwer1346845.home.pl\/autoinstalator\/wordpress1\/wp-content\/uploads\/2017\/03\/div4-48x4.png 48w\" sizes=\"(max-width: 258px) 100vw, 258px\" \/><\/h3>\n<\/div>\n<\/div>\n<\/div>\n<\/div>\n<\/div>\n<\/div>\n","protected":false},"excerpt":{"rendered":"<p>I Komunia \u015awi\u0119ta to niew\u0105tpliwie jeden z najwa\u017cniejszych moment\u00f3w w \u017cyciu naszych dzieci i ich Rodzin. Pozwalaj\u0105c nam na organizacj\u0119 tej uroczysto\u015bci gwarantujemy Pa\u0144stwu, \u017ce impreza przez nas przygotowana b\u0119dzie gustownym dope\u0142nieniem ceremonii ko\u015bcielnej. &nbsp; Menu Komunijne Cena 350 z\u0142 za osob\u0119 PRZYSTAWKA P\u0142atki delikatnego kurczaka z sosem \u017curawinowym na miksie chrupi\u0105cych sa\u0142at PIERWSZE DANIE [&hellip;]<\/p>\n","protected":false},"author":1,"featured_media":0,"parent":0,"menu_order":0,"comment_status":"closed","ping_status":"closed","template":"","meta":{"_eb_attr":"","footnotes":""},"_links":{"self":[{"href":"https:\/\/villamarina.eu\/index.php?rest_route=\/wp\/v2\/pages\/37"}],"collection":[{"href":"https:\/\/villamarina.eu\/index.php?rest_route=\/wp\/v2\/pages"}],"about":[{"href":"https:\/\/villamarina.eu\/index.php?rest_route=\/wp\/v2\/types\/page"}],"author":[{"embeddable":true,"href":"https:\/\/villamarina.eu\/index.php?rest_route=\/wp\/v2\/users\/1"}],"replies":[{"embeddable":true,"href":"https:\/\/villamarina.eu\/index.php?rest_route=%2Fwp%2Fv2%2Fcomments&post=37"}],"version-history":[{"count":68,"href":"https:\/\/villamarina.eu\/index.php?rest_route=\/wp\/v2\/pages\/37\/revisions"}],"predecessor-version":[{"id":1371,"href":"https:\/\/villamarina.eu\/index.php?rest_route=\/wp\/v2\/pages\/37\/revisions\/1371"}],"wp:attachment":[{"href":"https:\/\/villamarina.eu\/index.php?rest_route=%2Fwp%2Fv2%2Fmedia&parent=37"}],"curies":[{"name":"wp","href":"https:\/\/api.w.org\/{rel}","templated":true}]}}