{"id":50,"date":"2017-03-25T13:34:03","date_gmt":"2017-03-25T13:34:03","guid":{"rendered":"http:\/\/serwer1346845.home.pl\/autoinstalator\/wordpress1\/?page_id=50"},"modified":"2026-01-17T09:08:42","modified_gmt":"2026-01-17T09:08:42","slug":"przyjecia","status":"publish","type":"page","link":"https:\/\/villamarina.eu\/?page_id=50","title":{"rendered":"Przyj\u0119cia"},"content":{"rendered":"<div id=\"pl-50\" class=\"panel-layout\">\n<div id=\"pg-50-0\" class=\"panel-grid panel-no-style\">\n<div id=\"pgc-50-0-0\" class=\"panel-grid-cell\" data-weight=\"1\">\n<div id=\"panel-50-0-0-0\" class=\"so-panel widget widget_sow-editor panel-first-child panel-last-child\" data-index=\"0\" data-style=\"{&quot;background_image_attachment&quot;:false,&quot;background_display&quot;:&quot;tile&quot;}\">\n<div class=\"so-widget-sow-editor so-widget-sow-editor-base\">\n<div class=\"siteorigin-widget-tinymce textwidget\">\n<p style=\"text-align: left;\"><img decoding=\"async\" loading=\"lazy\" class=\" wp-image-51 alignright\" src=\"http:\/\/serwer1346845.home.pl\/autoinstalator\/wordpress1\/wp-content\/uploads\/2017\/03\/j1-300x225.png\" alt=\"\" width=\"358\" height=\"268\" srcset=\"https:\/\/serwer1346845.home.pl\/autoinstalator\/wordpress1\/wp-content\/uploads\/2017\/03\/j1-300x225.png 300w, https:\/\/serwer1346845.home.pl\/autoinstalator\/wordpress1\/wp-content\/uploads\/2017\/03\/j1.png 401w\" sizes=\"(max-width: 358px) 100vw, 358px\" \/><\/p>\n<h5 style=\"text-align: left;\">Z przyjemno\u015bci\u0105 stworzymy opraw\u0119 ka\u017cdej uroczysto\u015bci: urodzin, imienin, zar\u0119czyn, rocznic&#8230;<\/h5>\n<p>Jest tyle okazji aby \u015bwi\u0119towa\u0107&#8230;<br \/>\nZapraszamy do Sali Bankietowej &#8222;Villa Marina&#8221; na celebrowanie wsp\u00f3lnych chwil.<\/p>\n<h5 style=\"text-align: left;\">Zapraszamy do zapoznania si\u0119 z ofert\u0105.<\/h5>\n<h5 style=\"text-align: center;\"><\/h5>\n<h5 style=\"text-align: center;\"><\/h5>\n<p style=\"text-align: center;\"><img decoding=\"async\" loading=\"lazy\" class=\"alignnone size-full wp-image-426\" src=\"http:\/\/serwer1346845.home.pl\/autoinstalator\/wordpress1\/wp-content\/uploads\/2017\/03\/div4.png\" alt=\"\" width=\"258\" height=\"22\" srcset=\"https:\/\/serwer1346845.home.pl\/autoinstalator\/wordpress1\/wp-content\/uploads\/2017\/03\/div4.png 258w, https:\/\/serwer1346845.home.pl\/autoinstalator\/wordpress1\/wp-content\/uploads\/2017\/03\/div4-24x2.png 24w, https:\/\/serwer1346845.home.pl\/autoinstalator\/wordpress1\/wp-content\/uploads\/2017\/03\/div4-36x3.png 36w, https:\/\/serwer1346845.home.pl\/autoinstalator\/wordpress1\/wp-content\/uploads\/2017\/03\/div4-48x4.png 48w\" sizes=\"(max-width: 258px) 100vw, 258px\" \/><\/p>\n<h5 style=\"text-align: center;\"><strong>Propozycja I<\/strong><\/h5>\n<h5 style=\"text-align: center;\"><strong>Cena 280 z\u0142 za osob\u0119<\/strong><\/h5>\n<h5 style=\"text-align: center;\"><strong>PRZYSTAWKA<\/strong><\/h5>\n<p>P\u0142atki delikatnego kurczaka z sosem \u017curawinowym na miksie chrupi\u0105cych sa\u0142at<\/p>\n<h5 style=\"text-align: center;\"><strong>PIERWSZE DANIE<\/strong><br \/>\n<em>(prosz\u0119 wybra\u0107 jedno)<\/em><br \/>\nKrem z zielonego groszku z grzankami zio\u0142owymi<br \/>\nTradycyjny ros\u00f3\u0142 wo\u0142owo &#8211; drobiowy z makaronem<br \/>\nKrem z broku\u0142\u00f3w z pra\u017conymi migda\u0142ami<br \/>\nKrem z pieczarek podany z grzank\u0105<\/h5>\n<h5 style=\"text-align: center;\"><strong>DRUGIE DANIE<\/strong><br \/>\n<em>podawane na p\u00f3\u0142miskach (prosz\u0119 wybra\u0107 dwa rodzaje)<\/em><br \/>\nRoladki z indyka z farszem szpinakowo ? serowym w sosie \u015bmietanowym<br \/>\nPiecze\u0144 wieprzowa w sosie chrzanowym<br \/>\nSoczysta piecze\u0144 z karczku<br \/>\nTradycyjny kotlet schabowy z pieczarkami i serem<br \/>\nPier\u015b z kurczaka w panierce migda\u0142owej lub sezamowej<br \/>\nRolada \u015bl\u0105ska<br \/>\nSoczyste udka w miodzie<\/h5>\n<h5 style=\"text-align: center;\"><strong>DODATKI DO DRUGIEGO DANIA<\/strong><br \/>\n<em>(prosz\u0119 wybra\u0107 dwa rodzaje)<\/em><br \/>\nZiemniaczki z wody podane z mas\u0142em i koperkiem<br \/>\nKluski \u015bl\u0105skie<br \/>\nZio\u0142owe puree ziemniaczane<br \/>\nZiemniaczki opiekane<br \/>\nKolorowy ry\u017c z warzywami<\/h5>\n<h5 style=\"text-align: center;\"><strong>SUR\u00d3WKI<\/strong><br \/>\n<em>(prosz\u0119 wybra\u0107 dwa rodzaje)<\/em><br \/>\nMarchew z selerem lub ananasem<br \/>\nBuraczki podane na zimno<br \/>\nModra kapusta<br \/>\nMizeria<br \/>\nBuraczki na ciep\u0142o<br \/>\nKapusta bia\u0142a zasma\u017cana<br \/>\nSa\u0142atka wiosenna w sosie vinegrette<\/h5>\n<h5 style=\"text-align: center;\">\u00a0<strong>CIASTA<\/strong><\/h5>\n<h5 style=\"text-align: center;\">\u00a03 rodzaje (sernik, szarlotka, orzechowiec)<\/h5>\n<h5 style=\"text-align: center;\" align=\"center\">\u00a0<strong>NAPOJE<\/strong><\/h5>\n<h5 style=\"text-align: center;\" align=\"center\">Kawa, herbata, w cenie<\/h5>\n<h5 align=\"center\">\u00a0Coca &#8211; cola 500ml , Fanta 500ml ,\u00a0 Sprite 500ml ,\u00a0 Kropla Beskidu, Soki\u00a0 Cappy pomara\u0144cza, jab\u0142ko, grapefruit w dzbankach &#8211; bez limit\u00f3w<\/h5>\n<h3 style=\"text-align: center;\">\u00a0\u00a0<img decoding=\"async\" loading=\"lazy\" class=\"\" src=\"http:\/\/serwer1346845.home.pl\/autoinstalator\/wordpress1\/wp-content\/uploads\/2017\/03\/Coca-Cola.png\" alt=\"\" width=\"47\" height=\"47\" \/>\u00a0 \u00a0\u00a0<img decoding=\"async\" loading=\"lazy\" class=\"alignnone wp-image-878\" src=\"http:\/\/serwer1346845.home.pl\/autoinstalator\/wordpress1\/wp-content\/uploads\/2017\/03\/fanta.png\" alt=\"\" width=\"39\" height=\"39\" srcset=\"https:\/\/serwer1346845.home.pl\/autoinstalator\/wordpress1\/wp-content\/uploads\/2017\/03\/fanta.png 500w, https:\/\/serwer1346845.home.pl\/autoinstalator\/wordpress1\/wp-content\/uploads\/2017\/03\/fanta-150x150.png 150w, https:\/\/serwer1346845.home.pl\/autoinstalator\/wordpress1\/wp-content\/uploads\/2017\/03\/fanta-300x300.png 300w, https:\/\/serwer1346845.home.pl\/autoinstalator\/wordpress1\/wp-content\/uploads\/2017\/03\/fanta-24x24.png 24w, https:\/\/serwer1346845.home.pl\/autoinstalator\/wordpress1\/wp-content\/uploads\/2017\/03\/fanta-36x36.png 36w, https:\/\/serwer1346845.home.pl\/autoinstalator\/wordpress1\/wp-content\/uploads\/2017\/03\/fanta-48x48.png 48w\" sizes=\"(max-width: 39px) 100vw, 39px\" \/>\u00a0 \u00a0 <img decoding=\"async\" loading=\"lazy\" class=\"alignnone wp-image-879\" src=\"http:\/\/serwer1346845.home.pl\/autoinstalator\/wordpress1\/wp-content\/uploads\/2017\/03\/sprite_logo_grey.png\" alt=\"\" width=\"42\" height=\"42\" srcset=\"https:\/\/serwer1346845.home.pl\/autoinstalator\/wordpress1\/wp-content\/uploads\/2017\/03\/sprite_logo_grey.png 500w, https:\/\/serwer1346845.home.pl\/autoinstalator\/wordpress1\/wp-content\/uploads\/2017\/03\/sprite_logo_grey-150x150.png 150w, https:\/\/serwer1346845.home.pl\/autoinstalator\/wordpress1\/wp-content\/uploads\/2017\/03\/sprite_logo_grey-300x300.png 300w, https:\/\/serwer1346845.home.pl\/autoinstalator\/wordpress1\/wp-content\/uploads\/2017\/03\/sprite_logo_grey-24x24.png 24w, https:\/\/serwer1346845.home.pl\/autoinstalator\/wordpress1\/wp-content\/uploads\/2017\/03\/sprite_logo_grey-36x36.png 36w, https:\/\/serwer1346845.home.pl\/autoinstalator\/wordpress1\/wp-content\/uploads\/2017\/03\/sprite_logo_grey-48x48.png 48w\" sizes=\"(max-width: 42px) 100vw, 42px\" \/>\u00a0 \u00a0\u00a0<img decoding=\"async\" loading=\"lazy\" class=\"alignnone wp-image-881\" src=\"http:\/\/serwer1346845.home.pl\/autoinstalator\/wordpress1\/wp-content\/uploads\/2017\/03\/cappy.png\" alt=\"\" width=\"44\" height=\"44\" srcset=\"https:\/\/serwer1346845.home.pl\/autoinstalator\/wordpress1\/wp-content\/uploads\/2017\/03\/cappy.png 500w, https:\/\/serwer1346845.home.pl\/autoinstalator\/wordpress1\/wp-content\/uploads\/2017\/03\/cappy-150x150.png 150w, https:\/\/serwer1346845.home.pl\/autoinstalator\/wordpress1\/wp-content\/uploads\/2017\/03\/cappy-300x300.png 300w, https:\/\/serwer1346845.home.pl\/autoinstalator\/wordpress1\/wp-content\/uploads\/2017\/03\/cappy-24x24.png 24w, https:\/\/serwer1346845.home.pl\/autoinstalator\/wordpress1\/wp-content\/uploads\/2017\/03\/cappy-36x36.png 36w, https:\/\/serwer1346845.home.pl\/autoinstalator\/wordpress1\/wp-content\/uploads\/2017\/03\/cappy-48x48.png 48w\" sizes=\"(max-width: 44px) 100vw, 44px\" \/>\u00a0\u00a0\u00a0\u00a0\u00a0<img decoding=\"async\" loading=\"lazy\" class=\"alignnone wp-image-880\" src=\"http:\/\/serwer1346845.home.pl\/autoinstalator\/wordpress1\/wp-content\/uploads\/2017\/03\/kropla_beskidu.png\" alt=\"\" width=\"35\" height=\"35\" srcset=\"https:\/\/serwer1346845.home.pl\/autoinstalator\/wordpress1\/wp-content\/uploads\/2017\/03\/kropla_beskidu.png 500w, https:\/\/serwer1346845.home.pl\/autoinstalator\/wordpress1\/wp-content\/uploads\/2017\/03\/kropla_beskidu-150x150.png 150w, https:\/\/serwer1346845.home.pl\/autoinstalator\/wordpress1\/wp-content\/uploads\/2017\/03\/kropla_beskidu-300x300.png 300w, https:\/\/serwer1346845.home.pl\/autoinstalator\/wordpress1\/wp-content\/uploads\/2017\/03\/kropla_beskidu-24x24.png 24w, https:\/\/serwer1346845.home.pl\/autoinstalator\/wordpress1\/wp-content\/uploads\/2017\/03\/kropla_beskidu-36x36.png 36w, https:\/\/serwer1346845.home.pl\/autoinstalator\/wordpress1\/wp-content\/uploads\/2017\/03\/kropla_beskidu-48x48.png 48w\" sizes=\"(max-width: 35px) 100vw, 35px\" \/><\/h3>\n<h5 style=\"text-align: center;\">\u00a0 Czas trwania przyj\u0119cia do 4 godzin.\u00a0 Minimum 40 os\u00f3b pe\u0142nop\u0142atnych.<\/h5>\n<h5 style=\"text-align: center;\"><\/h5>\n<h5 style=\"text-align: center;\" align=\"center\"><strong>Propozycja II<\/strong><\/h5>\n<h5 style=\"text-align: center;\" align=\"center\"><strong>Cena 300 z\u0142 za osob\u0119<\/strong><\/h5>\n<h5 style=\"text-align: center;\" align=\"center\">\u00a0<strong>Propozycja uroczystego obiadu oraz zimna p\u0142yta<\/strong><\/h5>\n<h5 style=\"text-align: center;\" align=\"center\"><strong>Przystawka, obiad, ciasta, napoje jak wy\u017cej.<\/strong><\/h5>\n<h5 style=\"text-align: center;\" align=\"center\"><strong>Dodatkowo:<\/strong><\/h5>\n<h5 style=\"text-align: center;\">\u00a0<strong>PRZEK\u0104SKI ZIMNE<\/strong><br \/>\n<em>(prosz\u0119 wybra\u0107 sze\u015b\u0107 rodzaj\u00f3w)<\/em><br \/>\nP\u00f3\u0142misek mi\u0119s pieczonych i swojskich w\u0119dlin podanych z \u0107wik\u0142\u0105 i chrzanem<br \/>\nTymbaliki z kurczaka<br \/>\n\u015aled\u017a w oleju z blanszowan\u0105 cebulk\u0105<br \/>\n\u015aled\u017a w \u015bmietanie<br \/>\nPieczony domowy pasztet ze \u015bliwk\u0105<br \/>\nSa\u0142atka z pora i w\u0119dzonego \u0142ososia<br \/>\nTradycyjna sa\u0142atka jarzynowa<br \/>\nSa\u0142atka grecka<br \/>\nSa\u0142atka ry\u017cowa z kurczakiem, ananasem i rodzynkami<br \/>\nJajka faszerowane past\u0105 pieczarkowo-pietruszkow\u0105<\/h5>\n<h5 style=\"text-align: center;\">Dodatkowo: Pomidor, og\u00f3rek konserwowy, pikle, koszyk \u015bwie\u017cego pieczywa, mas\u0142o<\/h5>\n<h5 style=\"text-align: center;\">Czas trwania przyj\u0119cia do 5 godzin. Minimum 40 os\u00f3b pe\u0142nop\u0142atnych.<\/h5>\n<h5 style=\"text-align: center;\"><\/h5>\n<h5 style=\"text-align: center;\" align=\"center\"><strong>Propozycja III<\/strong><\/h5>\n<h5 style=\"text-align: center;\" align=\"center\"><strong>Cena 320 z\u0142 za osob\u0119<\/strong><\/h5>\n<h5 style=\"text-align: center;\" align=\"center\">\u00a0\u00a0 <strong>Propozycja obiadu z zimn\u0105 p\u0142yt\u0105 i ciep\u0142\u0105 kolacj\u0105<\/strong><\/h5>\n<h5 style=\"text-align: center;\" align=\"center\"><strong>Obiad, zimna p\u0142yta oraz ciasta &#8211; \u00a0jak wy\u017cej<\/strong><\/h5>\n<h5 style=\"text-align: center;\" align=\"center\"><strong>Dodatkowo:<\/strong><\/h5>\n<h5 style=\"text-align: center;\" align=\"center\">\u00a0<strong>CIEP\u0141A KOLACJA<\/strong><br \/>\n<em>serwowana przez kelner\u00f3w (prosz\u0119 wybra\u0107 jedn\u0105)<\/em><\/h5>\n<h5 style=\"text-align: center;\" align=\"center\">Indyk pieczony w sosie winnym z bukietem warzyw blanszowanych i ry\u017cem<br \/>\nPier\u015b z kurczaka w sosie serowym ze strudlem ziemniaczanym i pieczonymi pomidorami<br \/>\nKieszonka ze schabu faszerowana \u015bliwkami i boczkiem podana z opiekanymi ziemniakami<br \/>\nFilet z piersi kurczaka zawini\u0119ty bekonem podany na marchwi i porach w sosie tymiankowym, puree ziemniaczane<\/h5>\n<h5 style=\"text-align: center;\" align=\"center\">Boeuf Strogonow<\/h5>\n<h5 style=\"text-align: center;\" align=\"center\"><strong>NAPOJE<\/strong><\/h5>\n<h5 style=\"text-align: center;\" align=\"center\">\u00a0\u00a0Kawa z <strong>ekspresu<\/strong> w kilku wariantach, herbata,\u00a0\u00a0Coca ? cola 500ml ,\u00a0Fanta 500ml ,\u00a0 Sprite 500ml ,\u00a0 Kropla Beskidu gazowana 500ml, Soki\u00a0 Cappy pomara\u0144cza, jab\u0142ko, grapefruit w dzbankach\u00a0 bez limit\u00f3w<\/h5>\n<h5 style=\"text-align: center;\" align=\"center\">\u00a0\u00a0<img decoding=\"async\" loading=\"lazy\" class=\"\" src=\"http:\/\/serwer1346845.home.pl\/autoinstalator\/wordpress1\/wp-content\/uploads\/2017\/03\/Coca-Cola.png\" alt=\"\" width=\"47\" height=\"47\" \/>\u00a0 \u00a0\u00a0<img decoding=\"async\" loading=\"lazy\" class=\"alignnone wp-image-878\" src=\"http:\/\/serwer1346845.home.pl\/autoinstalator\/wordpress1\/wp-content\/uploads\/2017\/03\/fanta.png\" alt=\"\" width=\"39\" height=\"39\" srcset=\"https:\/\/serwer1346845.home.pl\/autoinstalator\/wordpress1\/wp-content\/uploads\/2017\/03\/fanta.png 500w, https:\/\/serwer1346845.home.pl\/autoinstalator\/wordpress1\/wp-content\/uploads\/2017\/03\/fanta-150x150.png 150w, https:\/\/serwer1346845.home.pl\/autoinstalator\/wordpress1\/wp-content\/uploads\/2017\/03\/fanta-300x300.png 300w, https:\/\/serwer1346845.home.pl\/autoinstalator\/wordpress1\/wp-content\/uploads\/2017\/03\/fanta-24x24.png 24w, https:\/\/serwer1346845.home.pl\/autoinstalator\/wordpress1\/wp-content\/uploads\/2017\/03\/fanta-36x36.png 36w, https:\/\/serwer1346845.home.pl\/autoinstalator\/wordpress1\/wp-content\/uploads\/2017\/03\/fanta-48x48.png 48w\" sizes=\"(max-width: 39px) 100vw, 39px\" \/>\u00a0 \u00a0 <img decoding=\"async\" loading=\"lazy\" class=\"alignnone wp-image-879\" src=\"http:\/\/serwer1346845.home.pl\/autoinstalator\/wordpress1\/wp-content\/uploads\/2017\/03\/sprite_logo_grey.png\" alt=\"\" width=\"42\" height=\"42\" srcset=\"https:\/\/serwer1346845.home.pl\/autoinstalator\/wordpress1\/wp-content\/uploads\/2017\/03\/sprite_logo_grey.png 500w, https:\/\/serwer1346845.home.pl\/autoinstalator\/wordpress1\/wp-content\/uploads\/2017\/03\/sprite_logo_grey-150x150.png 150w, https:\/\/serwer1346845.home.pl\/autoinstalator\/wordpress1\/wp-content\/uploads\/2017\/03\/sprite_logo_grey-300x300.png 300w, https:\/\/serwer1346845.home.pl\/autoinstalator\/wordpress1\/wp-content\/uploads\/2017\/03\/sprite_logo_grey-24x24.png 24w, https:\/\/serwer1346845.home.pl\/autoinstalator\/wordpress1\/wp-content\/uploads\/2017\/03\/sprite_logo_grey-36x36.png 36w, https:\/\/serwer1346845.home.pl\/autoinstalator\/wordpress1\/wp-content\/uploads\/2017\/03\/sprite_logo_grey-48x48.png 48w\" sizes=\"(max-width: 42px) 100vw, 42px\" \/>\u00a0 \u00a0\u00a0<img decoding=\"async\" loading=\"lazy\" class=\"alignnone wp-image-881\" src=\"http:\/\/serwer1346845.home.pl\/autoinstalator\/wordpress1\/wp-content\/uploads\/2017\/03\/cappy.png\" alt=\"\" width=\"44\" height=\"44\" srcset=\"https:\/\/serwer1346845.home.pl\/autoinstalator\/wordpress1\/wp-content\/uploads\/2017\/03\/cappy.png 500w, https:\/\/serwer1346845.home.pl\/autoinstalator\/wordpress1\/wp-content\/uploads\/2017\/03\/cappy-150x150.png 150w, https:\/\/serwer1346845.home.pl\/autoinstalator\/wordpress1\/wp-content\/uploads\/2017\/03\/cappy-300x300.png 300w, https:\/\/serwer1346845.home.pl\/autoinstalator\/wordpress1\/wp-content\/uploads\/2017\/03\/cappy-24x24.png 24w, https:\/\/serwer1346845.home.pl\/autoinstalator\/wordpress1\/wp-content\/uploads\/2017\/03\/cappy-36x36.png 36w, https:\/\/serwer1346845.home.pl\/autoinstalator\/wordpress1\/wp-content\/uploads\/2017\/03\/cappy-48x48.png 48w\" sizes=\"(max-width: 44px) 100vw, 44px\" \/>\u00a0\u00a0\u00a0\u00a0\u00a0<img decoding=\"async\" loading=\"lazy\" class=\"alignnone wp-image-880\" src=\"http:\/\/serwer1346845.home.pl\/autoinstalator\/wordpress1\/wp-content\/uploads\/2017\/03\/kropla_beskidu.png\" alt=\"\" width=\"35\" height=\"35\" srcset=\"https:\/\/serwer1346845.home.pl\/autoinstalator\/wordpress1\/wp-content\/uploads\/2017\/03\/kropla_beskidu.png 500w, https:\/\/serwer1346845.home.pl\/autoinstalator\/wordpress1\/wp-content\/uploads\/2017\/03\/kropla_beskidu-150x150.png 150w, https:\/\/serwer1346845.home.pl\/autoinstalator\/wordpress1\/wp-content\/uploads\/2017\/03\/kropla_beskidu-300x300.png 300w, https:\/\/serwer1346845.home.pl\/autoinstalator\/wordpress1\/wp-content\/uploads\/2017\/03\/kropla_beskidu-24x24.png 24w, https:\/\/serwer1346845.home.pl\/autoinstalator\/wordpress1\/wp-content\/uploads\/2017\/03\/kropla_beskidu-36x36.png 36w, https:\/\/serwer1346845.home.pl\/autoinstalator\/wordpress1\/wp-content\/uploads\/2017\/03\/kropla_beskidu-48x48.png 48w\" sizes=\"(max-width: 35px) 100vw, 35px\" \/><\/h5>\n<h5 style=\"text-align: center;\">Czas trwania przyj\u0119cia &#8211; do 6 godzin.<\/h5>\n<h5 style=\"text-align: center;\">\u00a0 Ze wzgl\u0119d\u00f3w organizacyjnych, przyj\u0119cia organizujemy dla minimum 40 os\u00f3b pe\u0142nop\u0142atnych.<\/h5>\n<h5 style=\"text-align: center;\"><img decoding=\"async\" loading=\"lazy\" class=\"alignnone size-full wp-image-426\" src=\"http:\/\/serwer1346845.home.pl\/autoinstalator\/wordpress1\/wp-content\/uploads\/2017\/03\/div4.png\" alt=\"\" width=\"258\" height=\"22\" srcset=\"https:\/\/serwer1346845.home.pl\/autoinstalator\/wordpress1\/wp-content\/uploads\/2017\/03\/div4.png 258w, https:\/\/serwer1346845.home.pl\/autoinstalator\/wordpress1\/wp-content\/uploads\/2017\/03\/div4-24x2.png 24w, https:\/\/serwer1346845.home.pl\/autoinstalator\/wordpress1\/wp-content\/uploads\/2017\/03\/div4-36x3.png 36w, https:\/\/serwer1346845.home.pl\/autoinstalator\/wordpress1\/wp-content\/uploads\/2017\/03\/div4-48x4.png 48w\" sizes=\"(max-width: 258px) 100vw, 258px\" \/><\/h5>\n<\/div>\n<\/div>\n<\/div>\n<\/div>\n<\/div>\n<\/div>\n","protected":false},"excerpt":{"rendered":"<p>Z przyjemno\u015bci\u0105 stworzymy opraw\u0119 ka\u017cdej uroczysto\u015bci: urodzin, imienin, zar\u0119czyn, rocznic&#8230; Jest tyle okazji aby \u015bwi\u0119towa\u0107&#8230; Zapraszamy do Sali Bankietowej &#8222;Villa Marina&#8221; na celebrowanie wsp\u00f3lnych chwil. Zapraszamy do zapoznania si\u0119 z ofert\u0105. Propozycja I Cena 280 z\u0142 za osob\u0119 PRZYSTAWKA P\u0142atki delikatnego kurczaka z sosem \u017curawinowym na miksie chrupi\u0105cych sa\u0142at PIERWSZE DANIE (prosz\u0119 wybra\u0107 jedno) Krem [&hellip;]<\/p>\n","protected":false},"author":1,"featured_media":0,"parent":0,"menu_order":0,"comment_status":"closed","ping_status":"closed","template":"","meta":{"_eb_attr":"","footnotes":""},"_links":{"self":[{"href":"https:\/\/villamarina.eu\/index.php?rest_route=\/wp\/v2\/pages\/50"}],"collection":[{"href":"https:\/\/villamarina.eu\/index.php?rest_route=\/wp\/v2\/pages"}],"about":[{"href":"https:\/\/villamarina.eu\/index.php?rest_route=\/wp\/v2\/types\/page"}],"author":[{"embeddable":true,"href":"https:\/\/villamarina.eu\/index.php?rest_route=\/wp\/v2\/users\/1"}],"replies":[{"embeddable":true,"href":"https:\/\/villamarina.eu\/index.php?rest_route=%2Fwp%2Fv2%2Fcomments&post=50"}],"version-history":[{"count":29,"href":"https:\/\/villamarina.eu\/index.php?rest_route=\/wp\/v2\/pages\/50\/revisions"}],"predecessor-version":[{"id":1375,"href":"https:\/\/villamarina.eu\/index.php?rest_route=\/wp\/v2\/pages\/50\/revisions\/1375"}],"wp:attachment":[{"href":"https:\/\/villamarina.eu\/index.php?rest_route=%2Fwp%2Fv2%2Fmedia&parent=50"}],"curies":[{"name":"wp","href":"https:\/\/api.w.org\/{rel}","templated":true}]}}